{"id":1205,"date":"2023-03-17T11:26:58","date_gmt":"2023-03-17T08:26:58","guid":{"rendered":"https:\/\/uekgroup.com\/?page_id=1205"},"modified":"2024-01-22T11:25:12","modified_gmt":"2024-01-22T08:25:12","slug":"references","status":"publish","type":"page","link":"https:\/\/uekgroup.com\/en\/references\/","title":{"rendered":"References"},"content":{"rendered":"<section class=\"wpb-content-wrapper\"><p>[vc_row equal_height=&#8221;yes&#8221;][vc_column width=&#8221;1\/3&#8243;][vc_column_text]<strong>G\u00f6zetim \/ Denetim \/ Proje Y\u00f6netimi \/ Yat\u0131r\u0131m<\/strong><\/p>\n<p>CHRISTIAN PFEIFFER \u2013 Avusturya<\/p>\n<p>HAZEMAG &#8211; Almanya<\/p>\n<p>FIVES Stein &#8211; Fransa<\/p>\n<p>FIVES Steel &#8211; Fransa<\/p>\n<p>FIVES Sugar &#8211; Fransa<\/p>\n<p>FIVES FCB &#8211; Fransa<\/p>\n<p>SANDVIK &#8211; Almanya<\/p>\n<p>VAUDIT &#8211; Almanya<\/p>\n<p>SART Rohr &#8211; Fransa<\/p>\n<p>VEKAGESTA &#8211; Hollanda<\/p>\n<p>WEGUSTA &#8211; Almanya<\/p>\n<p>BATI\u00c7\u0130M &#8211; T\u00fcrkiye<\/p>\n<p>BATIS\u00d6KE &#8211; T\u00fcrkiye[\/vc_column_text][\/vc_column][vc_column width=&#8221;1\/3&#8243;][vc_column_text]<strong>Design \/ M\u00fchendislik \/ \u0130malat \/ Yedek Par\u00e7a<\/strong><\/p>\n<p>CHRISTIAN PFEIFFER &#8211; Avusturya<\/p>\n<p>VEKAGESTA &#8211; Hollanda<\/p>\n<p>WEGUSTA \u2013 Almanya<\/p>\n<p>EXROD \u2013 Fransa<\/p>\n<p>HAZEMAG \u2013 Almanya<\/p>\n<p>ALL MINERAL \u2013 Almanya<\/p>\n<p>TECNOTION \u2013 Hollanda<\/p>\n<p>RIDDER &#8211; Hollanda<\/p>\n<p>BATI\u00c7\u0130M &#8211; T\u00fcrkiye<\/p>\n<p>BATIS\u00d6KE &#8211; T\u00fcrkiye<\/p>\n<p>OYAK GRUP &#8211; T\u00fcrkiye<\/p>\n<p>\u00c7\u0130MSA GRUP \u2013 T\u00fcrkiye[\/vc_column_text][\/vc_column][vc_column width=&#8221;1\/3&#8243;][vc_column_text]<strong>Tekstil<\/strong><\/p>\n<p>ANDRITZ \u2013 T\u00fcrkiye<\/p>\n<p>SART \u2013 Fransa<\/p>\n<p>ZA Maden &#8211; T\u00fcrkiye<\/p>\n<p>GIMAS \u2013 T\u00fcrkiye<\/p>\n<p>BWF \u2013 T\u00fcrkiye<\/p>\n<p>TAV \u2013 T\u00fcrkiye<\/p>\n<p>BUREAU VERITAS \u2013 T\u00fcrkiye<\/p>\n<p>HMT &#8211; Amerika<\/p>\n<p>HYDAC \/ HYDROSAAR &#8211; Almanya<\/p>\n<p>CEMENTIR &#8211; CIMBETON \u2013 T\u00fcrkiye<\/p>\n<p>PANZERCROM \u2013 T\u00fcrkiye<\/p>\n<p>TERRA PIZZA \u2013 T\u00fcrkiye<\/p>\n<p>CAFE MANIA \u2013 T\u00fcrkiye<\/p>\n<p>[\/vc_column_text][\/vc_column][\/vc_row]<\/p>\n<\/section>","protected":false},"excerpt":{"rendered":"<p>[vc_row equal_height=&#8221;yes&#8221;][vc_column width=&#8221;1\/3&#8243;][vc_column_text]G\u00f6zetim \/ Denetim \/ Proje Y\u00f6netimi \/ Yat\u0131r\u0131m CHRISTIAN PFEIFFER \u2013 Avusturya HAZEMAG &#8211; Almanya FIVES Stein &#8211;&#8230;<\/p>\n","protected":false},"author":1,"featured_media":0,"parent":0,"menu_order":0,"comment_status":"closed","ping_status":"closed","template":"","meta":{"footnotes":""},"class_list":["post-1205","page","type-page","status-publish"],"_links":{"self":[{"href":"https:\/\/uekgroup.com\/en\/wp-json\/wp\/v2\/pages\/1205","targetHints":{"allow":["GET"]}}],"collection":[{"href":"https:\/\/uekgroup.com\/en\/wp-json\/wp\/v2\/pages"}],"about":[{"href":"https:\/\/uekgroup.com\/en\/wp-json\/wp\/v2\/types\/page"}],"author":[{"embeddable":true,"href":"https:\/\/uekgroup.com\/en\/wp-json\/wp\/v2\/users\/1"}],"replies":[{"embeddable":true,"href":"https:\/\/uekgroup.com\/en\/wp-json\/wp\/v2\/comments?post=1205"}],"version-history":[{"count":2,"href":"https:\/\/uekgroup.com\/en\/wp-json\/wp\/v2\/pages\/1205\/revisions"}],"predecessor-version":[{"id":1424,"href":"https:\/\/uekgroup.com\/en\/wp-json\/wp\/v2\/pages\/1205\/revisions\/1424"}],"wp:attachment":[{"href":"https:\/\/uekgroup.com\/en\/wp-json\/wp\/v2\/media?parent=1205"}],"curies":[{"name":"wp","href":"https:\/\/api.w.org\/{rel}","templated":true}]}}