{"id":470,"date":"2019-07-18T07:56:27","date_gmt":"2019-07-18T07:56:27","guid":{"rendered":"http:\/\/democontent.codex-themes.com\/sites\/agency-media\/?page_id=470"},"modified":"2024-06-26T15:17:15","modified_gmt":"2024-06-26T12:17:15","slug":"contact","status":"publish","type":"page","link":"https:\/\/uekgroup.com\/en\/contact\/","title":{"rendered":"Contact"},"content":{"rendered":"<section class=\"wpb-content-wrapper\"><p>[vc_row css=&#8221;.vc_custom_1458198549877{margin-bottom: 0px !important;}&#8221;][vc_column][vc_column_text]<\/p>\n<div class=\"title-h1\" style=\"text-align: center;\">CONTACT <span class=\"light\"> INFORMATION<\/span><\/div>\n<p>[\/vc_column_text]<div class=\"clearboth\"><\/div><style>#thegem-divider-69de15687ffa3 {margin-top: 25px !important;}#thegem-divider-69de15687ffa3 {margin-bottom: 30px !important;}<\/style><div id=\"thegem-divider-69de15687ffa3\" class=\"gem-divider  custom-blue-divider align-center\" style=\"border-color: #00bcd4;\" ><\/div><div class=\"clearboth\"><\/div><style>#thegem-divider-69de15687ffd7 {margin-top: 80px !important;}<\/style><div id=\"thegem-divider-69de15687ffd7\" class=\"gem-divider  \" style=\"\" ><\/div>[vc_row_inner el_class=&#8221;h_row&#8221;][vc_column_inner el_class=&#8221;custom-block-hover&#8221; width=&#8221;1\/3&#8243; css=&#8221;.vc_custom_1565334348887{background-color: #dfe5e8 !important;}&#8221;]<div class=\"gem-textbox  centered-box\"  ><div class=\"gem-textbox-inner\" style=\"\"><div class=\"gem-textbox-content\" style=\"background-position: center top;padding-top: 43px;padding-bottom: 47px;\"><div class=\"centered-box\"><div class=\"gem-icon gem-icon-pack-elegant gem-icon-size-medium  gem-icon-shape-square gem-simple-icon\"  style=\"opacity: 1;\"><div class=\"gem-icon-inner\" style=\"\"><span class=\"gem-icon-half-1\" style=\"color: #3c3950;\"><span class=\"back-angle\">&#xe027;<\/span><\/span><span class=\"gem-icon-half-2\" style=\"color: #3c3950;\"><span class=\"back-angle\">&#xe027;<\/span><\/span><\/div><\/div><\/div><div class=\"clearboth\"><\/div><style>#thegem-divider-69de1568800f1 {margin-top: 30px !important;}<\/style><div id=\"thegem-divider-69de1568800f1\" class=\"gem-divider  \" style=\"\" ><\/div>[vc_column_text]<\/p>\n<div class=\"title-h5\" style=\"text-align: center;\"><span class=\"light\" style=\"color: #3c3950;\">PHONE<\/span><\/div>\n<p>[\/vc_column_text]<div class=\"clearboth\"><\/div><style>#thegem-divider-69de15688010c {margin-top: 10px !important;}<\/style><div id=\"thegem-divider-69de15688010c\" class=\"gem-divider  \" style=\"\" ><\/div>[vc_column_text]<\/p>\n<div style=\"text-align: center;\"><span class=\"light\" style=\"color: #3c3950;\">+90 537 441 26 41<\/span><\/div>\n<p>[\/vc_column_text]<\/div><\/div><\/div>[\/vc_column_inner][vc_column_inner el_class=&#8221;custom-block-hover&#8221; width=&#8221;1\/3&#8243; css=&#8221;.vc_custom_1565334338379{padding-right: 0px !important;padding-left: 0px !important;background-color: #e8ebed !important;}&#8221;]<div class=\"gem-textbox  centered-box\"  ><div class=\"gem-textbox-inner\" style=\"\"><div class=\"gem-textbox-content\" style=\"background-position: center top;padding-top: 43px;padding-bottom: 47px;\"><div class=\"centered-box\"><div class=\"gem-icon gem-icon-pack-elegant gem-icon-size-medium  gem-icon-shape-square gem-simple-icon\"  style=\"opacity: 1;\"><div class=\"gem-icon-inner\" style=\"\"><span class=\"gem-icon-half-1\" style=\"color: #3c3950;\"><span class=\"back-angle\">&#xe01d;<\/span><\/span><span class=\"gem-icon-half-2\" style=\"color: #3c3950;\"><span class=\"back-angle\">&#xe01d;<\/span><\/span><\/div><\/div><\/div><div class=\"clearboth\"><\/div><style>#thegem-divider-69de15688019c {margin-top: 30px !important;}<\/style><div id=\"thegem-divider-69de15688019c\" class=\"gem-divider  \" style=\"\" ><\/div>[vc_column_text]<\/p>\n<div class=\"title-h5\" style=\"text-align: center;\"><span class=\"light\" style=\"color: #3c3950;\">ADDRESS<\/span><\/div>\n<p>[\/vc_column_text]<div class=\"clearboth\"><\/div><style>#thegem-divider-69de1568801b0 {margin-top: 10px !important;}<\/style><div id=\"thegem-divider-69de1568801b0\" class=\"gem-divider  \" style=\"\" ><\/div>[vc_column_text]<\/p>\n<div style=\"text-align: center;\">Yaz\u0131ba\u015f\u0131 Mahallesi 322 Sokak No: 2\/1 35875 Torbal\u0131 \/ \u0130zmir<\/div>\n<p>[\/vc_column_text]<\/div><\/div><\/div>[\/vc_column_inner][vc_column_inner el_class=&#8221;custom-block-hover&#8221; width=&#8221;1\/3&#8243; css=&#8221;.vc_custom_1565334355509{background-color: #dfe5e8 !important;}&#8221;]<div class=\"gem-textbox  centered-box\"  ><div class=\"gem-textbox-inner\" style=\"\"><div class=\"gem-textbox-content\" style=\"background-position: center top;padding-top: 43px;padding-bottom: 47px;\"><div class=\"centered-box\"><div class=\"gem-icon gem-icon-pack-elegant gem-icon-size-medium  gem-icon-shape-square gem-simple-icon\"  style=\"opacity: 1;\"><div class=\"gem-icon-inner\" style=\"\"><span class=\"gem-icon-half-1\" style=\"color: #3c3950;\"><span class=\"back-angle\">&#xe010;<\/span><\/span><span class=\"gem-icon-half-2\" style=\"color: #3c3950;\"><span class=\"back-angle\">&#xe010;<\/span><\/span><\/div><\/div><\/div><div class=\"clearboth\"><\/div><style>#thegem-divider-69de15688022c {margin-top: 30px !important;}<\/style><div id=\"thegem-divider-69de15688022c\" class=\"gem-divider  \" style=\"\" ><\/div>[vc_column_text]<\/p>\n<div class=\"title-h5\" style=\"text-align: center;\"><span class=\"light\" style=\"color: #3c3950;\">email<\/span><\/div>\n<p>[\/vc_column_text]<div class=\"clearboth\"><\/div><style>#thegem-divider-69de15688023f {margin-top: 10px !important;}<\/style><div id=\"thegem-divider-69de15688023f\" class=\"gem-divider  \" style=\"\" ><\/div>[vc_column_text]<\/p>\n<div style=\"text-align: center;\"><span class=\"light\" style=\"color: #3c3950;\">uek@uekgroup.com<\/span><\/div>\n<p>[\/vc_column_text]<\/div><\/div><\/div>[\/vc_column_inner][\/vc_row_inner]<div class=\"clearboth\"><\/div><style>#thegem-divider-69de156880257 {margin-top: 115px !important;}<\/style><div id=\"thegem-divider-69de156880257\" class=\"gem-divider  \" style=\"\" ><\/div>[\/vc_column][\/vc_row][vc_row video_bg=&#8221;yes&#8221; video_bg_url=&#8221;&#8221;][vc_column css=&#8221;.vc_custom_1563437638719{padding-top: 0px !important;}&#8221;]<div id=\"fullwidth-block-69de156880285\" class=\"fullwidth-block clearfix\"  style=\"background-color: #222434;padding-top: 120px;\"><script type=\"text\/javascript\">if (typeof(gem_fix_fullwidth_position) == \"function\") { gem_fix_fullwidth_position(document.getElementById(\"fullwidth-block-69de156880285\")); }<\/script><div class=\"fullwidth-block-inner\"><div class=\"container\">[vc_column_text css_animation=&#8221;bottom-to-top&#8221;]<\/p>\n<div class=\"title-h1\" style=\"text-align: center;\"><span style=\"color: #ffffff;\"><span class=\"light\">WHERE <\/span>ARE WE?<\/span><\/div>\n<p>[\/vc_column_text]<div class=\"clearboth\"><\/div><style>#thegem-divider-69de156880308 {margin-top: 25px !important;}#thegem-divider-69de156880308 {margin-bottom: 30px !important;}<\/style><div id=\"thegem-divider-69de156880308\" class=\"gem-divider  custom-blue-divider align-center\" style=\"border-color: #00bcd4;\" ><\/div>[vc_row_inner][vc_column_inner offset=&#8221;vc_col-lg-offset-1\/5 vc_col-lg-3\/5&#8243;][\/vc_column_inner][\/vc_row_inner]<div class=\"clearboth\"><\/div><style>#thegem-divider-69de15688031d {margin-top: 170px !important;}<\/style><div id=\"thegem-divider-69de15688031d\" class=\"gem-divider  \" style=\"\" ><\/div><\/div><\/div><\/div>[vc_row_inner][vc_column_inner el_class=&#8221;z-index&#8221; css=&#8221;.vc_custom_1563437483615{margin-top: -100px !important;padding-top: 0px !important;}&#8221;]<div class=\"gem-map-with-text\"><div class=\"gem-map-with-text-content\" style=\"\"><div class=\"container\"><\/div><\/div><div class=\"gem-map-with-text-map grayscale\">[vc_gmaps link=\"#E-8_JTNDaWZyYW1lJTIwc3JjJTNEJTIyaHR0cHMlM0ElMkYlMkZ3d3cuZ29vZ2xlLmNvbSUyRm1hcHMlMkZlbWJlZCUzRnBiJTNEJTIxMW0xOCUyMTFtMTIlMjExbTMlMjExZDMxMzQuMzM2NTEzNDMzNjg0NiUyMTJkMjcuMzE1Mjc5MDc2MzIwMjclMjEzZDM4LjIyNTI5Nzk3MTg3NTM3JTIxMm0zJTIxMWYwJTIxMmYwJTIxM2YwJTIxM20yJTIxMWkxMDI0JTIxMmk3NjglMjE0ZjEzLjElMjEzbTMlMjExbTIlMjExczB4MTRiOTVjZmVkOTRhOGE2OSUyNTNBMHhjZWQ0OTI4ZTA1NDI2ZDhjJTIxMnpXV0Y2eExGaVljV2Z4TEVzSURNeU1pNGdVMnN1SURJdE1Td2dNelU0TnpVZ1ZHOXlZbUZzeExFdnhMQjZiV2x5JTIxNWUwJTIxM20yJTIxMXN0ciUyMTJzdHIlMjE0djE3MTk0MDQwNDk1NjQlMjE1bTIlMjExc3RyJTIxMnN0ciUyMiUyMHdpZHRoJTNEJTIyNjAwJTIyJTIwaGVpZ2h0JTNEJTIyNDUwJTIyJTIwc3R5bGUlM0QlMjJib3JkZXIlM0EwJTNCJTIyJTIwYWxsb3dmdWxsc2NyZWVuJTNEJTIyJTIyJTIwbG9hZGluZyUzRCUyMmxhenklMjIlMjByZWZlcnJlcnBvbGljeSUzRCUyMm5vLXJlZmVycmVyLXdoZW4tZG93bmdyYWRlJTIyJTNFJTNDJTJGaWZyYW1lJTNF\" size=\"886\" disable_scroll=\"1\"]<\/div><\/div>[\/vc_column_inner][\/vc_row_inner][\/vc_column][\/vc_row]<\/p>\n<\/section>","protected":false},"excerpt":{"rendered":"<p>[vc_row css=&#8221;.vc_custom_1458198549877{margin-bottom: 0px !important;}&#8221;][vc_column][vc_column_text] CONTACT INFORMATION [\/vc_column_text][vc_row_inner el_class=&#8221;h_row&#8221;][vc_column_inner el_class=&#8221;custom-block-hover&#8221; width=&#8221;1\/3&#8243; css=&#8221;.vc_custom_1565334348887{background-color: #dfe5e8 !important;}&#8221;][\/vc_column_inner][vc_column_inner el_class=&#8221;custom-block-hover&#8221; width=&#8221;1\/3&#8243; css=&#8221;.vc_custom_1565334338379{padding-right: 0px !important;padding-left: 0px !important;background-color:&#8230;<\/p>\n","protected":false},"author":1,"featured_media":0,"parent":0,"menu_order":0,"comment_status":"closed","ping_status":"closed","template":"","meta":{"footnotes":""},"class_list":["post-470","page","type-page","status-publish"],"_links":{"self":[{"href":"https:\/\/uekgroup.com\/en\/wp-json\/wp\/v2\/pages\/470","targetHints":{"allow":["GET"]}}],"collection":[{"href":"https:\/\/uekgroup.com\/en\/wp-json\/wp\/v2\/pages"}],"about":[{"href":"https:\/\/uekgroup.com\/en\/wp-json\/wp\/v2\/types\/page"}],"author":[{"embeddable":true,"href":"https:\/\/uekgroup.com\/en\/wp-json\/wp\/v2\/users\/1"}],"replies":[{"embeddable":true,"href":"https:\/\/uekgroup.com\/en\/wp-json\/wp\/v2\/comments?post=470"}],"version-history":[{"count":15,"href":"https:\/\/uekgroup.com\/en\/wp-json\/wp\/v2\/pages\/470\/revisions"}],"predecessor-version":[{"id":1469,"href":"https:\/\/uekgroup.com\/en\/wp-json\/wp\/v2\/pages\/470\/revisions\/1469"}],"wp:attachment":[{"href":"https:\/\/uekgroup.com\/en\/wp-json\/wp\/v2\/media?parent=470"}],"curies":[{"name":"wp","href":"https:\/\/api.w.org\/{rel}","templated":true}]}}